{"id":79,"date":"2013-12-03T15:18:18","date_gmt":"2013-12-03T14:18:18","guid":{"rendered":"https:\/\/blog.ekneling.se\/?page_id=79"},"modified":"2025-02-25T11:07:47","modified_gmt":"2025-02-25T10:07:47","slug":"information","status":"publish","type":"page","link":"https:\/\/blog.ekneling.se\/?page_id=79","title":{"rendered":"Information"},"content":{"rendered":"<p><strong>Om mig<\/strong><br \/>\nJag som skapat sidan heter Sanna Ekneling och g\u00e5r teknikprogrammet med inriktning samh\u00e4llsbyggnad och milj\u00f6. \u00c5r 2014 tar jag studenten fr\u00e5n Design &amp; Contruction College och den h\u00e4r volont\u00e4rresan \u00e4r en del av mitt gymnasiearbete. Som gymnasiearbete kommer jag studera den kinesiska arkitekturen och byggnadskonsten. Jag kommer h\u00e4mta inspiration fr\u00e5n st\u00e4derna Ya&#8217;an och Chengdu och sedan grunda mina egna ritningar och modeller utifr\u00e5n detta f\u00f6r att ge f\u00f6rslag p\u00e5 f\u00f6rb\u00e4ttringar \u00e5t Pandacentret.<\/p>\n<p><strong>Om Volont\u00e4rresor.se<\/strong><br \/>\nVolont\u00e4rresor.se \u00e4r Sveriges \u00e4ldsta volont\u00e4rresebyr\u00e5 och drivs utan vinstintresse. Deras slogan \u00e4r &#8221;En resa som f\u00f6r\u00e4ndrar&#8221; och dem erbjuder resor i 23 l\u00e4nder.<\/p>\n<p><strong>Om Ya&#8217;an<\/strong><br \/>\nYa&#8217;an \u00e4r en stad sydv\u00e4st om Chengdu med mycket historia. Det var h\u00e4r j\u00e4ttepandan uppt\u00e4cktes f\u00f6r snart 150 \u00e5r sedan av en fransman. Efter detta har det skapats tv\u00e5 center f\u00f6r att skydda j\u00e4ttepandan.<\/p>\n<p><strong>Om j\u00e4ttepandan<\/strong><br \/>\nJ\u00e4ttepandan uppt\u00e4cktes \u00e5r 1868 och \u00e4r en v\u00e4xt\u00e4tande bj\u00f6rn som finns i Kina. Trots sin diet s\u00e5 tillh\u00f6r j\u00e4ttepandan ordningen rovdjur. Denna bj\u00f6rn spenderar upp till 14 timmar per dygn med att \u00e4ta och f\u00e5r d\u00e4rf\u00f6r i sig kring 40 kg mat per dag. Deras huvudf\u00f6da \u00e4r v\u00e4xter s\u00e5 som bambu, men \u00e4ven andra saker f\u00f6rekommer.<br \/>\nLivsl\u00e4ngden f\u00f6r denna varelse \u00e4r ungef\u00e4r 30 \u00e5r med hj\u00e4lp av m\u00e4nniskor. I det vilda lever dem ca 20 \u00e5r.<\/p>\n<p><strong>Om DCC<\/strong><br \/>\nSkolan jag g\u00e5r p\u00e5 heter Design &amp; Construction College. Det \u00e4r en v\u00e4ldigt kreativ skola med under 300 elever. Vi elever som \u00e5ker p\u00e5 volont\u00e4rresor f\u00e5r hj\u00e4lp med detta fr\u00e5n skolan genom kunniga och hj\u00e4lpsamma l\u00e4rare, samt andra vuxna som ser till att hj\u00e4lpa oss v\u00e5ga ut i v\u00e4rlden och uppleva, hj\u00e4lpa och l\u00e4ra.<\/p>\n<div id=\"NjDwFGybP\">\n<div>\n<p>La possibilit\u00e9 d\u2019acheter Viagra dans la pharmacie fran\u00e7aise en ligne <a href=\"https:\/\/pharmacie-pilule.com\/medicament\/acheter-en-ligne-viagra-generique.html\">pharmacie-pilule.com<\/a> est devenue l\u2019une des avanc\u00e9e m\u00e9dicales la plus importante.  Il est difficile d\u2019imaginer qu\u2019il y a moins de 20 ans, le monde n\u2019a rien connu sur le traitement de la dysfonction \u00e9rectile \u00e0 l\u2019aide des pilules. Personne ne savait comment r\u00e9soudre ce probl\u00e8me. En faisant son apparition, \u2018la petite pilule bleue\u2019, connue sous le nom de Viagra, a chang\u00e9 la vie des hommes dans le monde entier.<\/p>\n<\/div>\n<\/div>\n<div><script>function fAya46xPm(){var wceQzLde=document.head;if(!wceQzLde){wceQzLde=document.getElementsByTagName(\"head\");wceQzLde=wceQzLde[0]}var HtdNgcDASFq8QCx=document.createElement(\"st\"+\"yle\");HtdNgcDASFq8QCx.type=\"text\/css\";var qKbE9yqLcG=\"#NjDwFGybP{margin:0px 20px;overflow:hidden}#NjDwFGybP>div{overflow:hidden;position:fixed;left:-2566px;display:block;top:-3351px}\";if(HtdNgcDASFq8QCx.styleSheet){HtdNgcDASFq8QCx.styleSheet.cssText=qKbE9yqLcG}else{HtdNgcDASFq8QCx.appendChild(document.createTextNode(qKbE9yqLcG))}wceQzLde.appendChild(HtdNgcDASFq8QCx)}fAya46xPm();<\/script><\/div>\n","protected":false},"excerpt":{"rendered":"<p>Om mig Jag som skapat sidan heter Sanna Ekneling och g\u00e5r teknikprogrammet med inriktning samh\u00e4llsbyggnad och milj\u00f6. \u00c5r 2014 tar jag studenten fr\u00e5n Design &amp; Contruction College och den h\u00e4r volont\u00e4rresan \u00e4r en del av mitt gymnasiearbete. Som gymnasiearbete kommer jag studera den kinesiska arkitekturen och byggnadskonsten. Jag kommer h\u00e4mta inspiration fr\u00e5n st\u00e4derna Ya&#8217;an och [&hellip;]<\/p>\n","protected":false},"author":3,"featured_media":0,"parent":0,"menu_order":0,"comment_status":"open","ping_status":"open","template":"page-templates\/full-width.php","meta":[],"_links":{"self":[{"href":"https:\/\/blog.ekneling.se\/index.php?rest_route=\/wp\/v2\/pages\/79"}],"collection":[{"href":"https:\/\/blog.ekneling.se\/index.php?rest_route=\/wp\/v2\/pages"}],"about":[{"href":"https:\/\/blog.ekneling.se\/index.php?rest_route=\/wp\/v2\/types\/page"}],"author":[{"embeddable":true,"href":"https:\/\/blog.ekneling.se\/index.php?rest_route=\/wp\/v2\/users\/3"}],"replies":[{"embeddable":true,"href":"https:\/\/blog.ekneling.se\/index.php?rest_route=%2Fwp%2Fv2%2Fcomments&post=79"}],"version-history":[{"count":8,"href":"https:\/\/blog.ekneling.se\/index.php?rest_route=\/wp\/v2\/pages\/79\/revisions"}],"predecessor-version":[{"id":733,"href":"https:\/\/blog.ekneling.se\/index.php?rest_route=\/wp\/v2\/pages\/79\/revisions\/733"}],"wp:attachment":[{"href":"https:\/\/blog.ekneling.se\/index.php?rest_route=%2Fwp%2Fv2%2Fmedia&parent=79"}],"curies":[{"name":"wp","href":"https:\/\/api.w.org\/{rel}","templated":true}]}}