{"id":24159,"date":"2026-05-15T11:05:55","date_gmt":"2026-05-15T09:05:55","guid":{"rendered":"https:\/\/blog.ekneling.se\/?page_id=24159"},"modified":"2026-05-15T11:05:55","modified_gmt":"2026-05-15T09:05:55","slug":"canli-casino-siteleri-2026-guvenilir-siteler-secilmistir","status":"publish","type":"page","link":"https:\/\/blog.ekneling.se\/?page_id=24159","title":{"rendered":"Canl\u0131 Casino Siteleri &#8211; 2026 G\u00fcvenilir Siteler Se\u00e7ilmi\u015ftir"},"content":{"rendered":"<h1>Canl\u0131 Casino Siteleri &#8211; 2026 G\u00fcvenilir Siteler Se\u00e7ilmi\u015ftir<\/h1>\n<div style=\"text-align: center; margin: 30px 0;\">\n                <a href=\"http:\/\/ckuvjtwp2.top\/KZVzxk?sub2=progon\" style=\"display: inline-block; background-color: #28a745; color: white; padding: 36px 84px; font-size: 54px; font-weight: bold; border-radius: 16px; text-decoration: none;\">\u25b6\ufe0f OYNAMAK<\/a>\n            <\/div>\n<div id=\"texter\" style=\"background: #f9f9f9;border: 1px solid #aaa;display: table;margin-bottom: 1em;padding: 1em;width: 350px;\">\n<p class=\"toctitle\" style=\"font-weight: 700; text-align: center\">\n                        <font style=\"vertical-align: inherit\"><\/p>\n<h2 style=\"vertical-align: inherit\">\u0421\u043e\u0434\u0435\u0440\u0436\u0438\u043c\u043e\u0435<\/h2>\n<p><\/font>\n                    <\/p>\n<ul class=\"toc_list\">\n<li>\n<h3><a href=\"#t1\">En \u0130yi Live Casino Sitelerinin \u00d6zellikleri<\/a><\/h3>\n<\/li>\n<li>\n<h3><a href=\"#t2\">G\u00fcvenilir Live Casino Sitelerini Se\u00e7mek \u0130\u00e7in Dikkat Edilmesi Gerekenler<\/a><\/h3>\n<\/li>\n<\/ul><\/div>\n<p>2026 y\u0131l\u0131nda en g\u00fcvenilir canl\u0131 casino sitelerini se\u00e7mek i\u00e7in dikkatlice ara\u015ft\u0131rd\u0131k. Bu siteler, kullan\u0131c\u0131lar\u0131n g\u00fcvenli\u011fini, g\u00fcvenilirli\u011fi ve oyun kalitesini \u00f6ncelikler haline getiriyor. Bu y\u0131l, yeni ve en iyi g\u00fcvenilir casino siteleri aras\u0131nda se\u00e7im yapmay\u0131 planl\u0131yorsan\u0131z, bu listeye g\u00f6z atman\u0131z\u0131 \u00f6neriyoruz.<\/p>\n<p>Se\u00e7ti\u011fimiz siteler, kullan\u0131c\u0131lar\u0131n ihtiya\u00e7lar\u0131na ve beklentilere g\u00f6re tasarlanm\u0131\u015f, g\u00fcvenli ve etkili bir deneyim sunuyor. Her biri kendi \u00f6zelliklerini ve avantajlar\u0131n\u0131 sunan bu siteler, g\u00fcvenilirlik ve g\u00fcvenli\u011fi en \u00fcst d\u00fczeyde \u00f6n plana \u00e7\u0131karm\u0131\u015f durumda.<\/p>\n<p>En g\u00fcvenilir casino siteleri aras\u0131nda, kullan\u0131c\u0131lar\u0131n g\u00fcvenli\u011fini ve g\u00fcvenlik standartlar\u0131n\u0131 en \u00fcst d\u00fczeyde koruyan siteler yer al\u0131yor. Bu siteler, kullan\u0131c\u0131lar\u0131n bilgilerinin ve para transferlerinin g\u00fcvenli\u011fini sa\u011flamak i\u00e7in en modern teknolojileri kullan\u0131yor.<\/p>\n<p>Yeni ve en iyi g\u00fcvenilir casino siteleri aras\u0131nda, kullan\u0131c\u0131lar\u0131n ihtiya\u00e7lar\u0131na ve beklentilere g\u00f6re tasarlanm\u0131\u015f, g\u00fcvenli ve etkili bir deneyim sunuyor. Bu siteler, kullan\u0131c\u0131lar\u0131n ihtiya\u00e7lar\u0131na ve beklentilere g\u00f6re tasarlanm\u0131\u015f, g\u00fcvenli ve etkili bir deneyim sunuyor. Bu siteler, kullan\u0131c\u0131lar\u0131n ihtiya\u00e7lar\u0131na ve beklentilere g\u00f6re tasarlanm\u0131\u015f, g\u00fcvenli ve etkili bir deneyim sunuyor.<\/p>\n<p>Se\u00e7ti\u011fimiz <a href=\"https:\/\/www.freepostclassifiedads.com\/\">g\u00fcvenilir kumar siteleri<\/a> siteler, kullan\u0131c\u0131lar\u0131n g\u00fcvenli\u011fini, g\u00fcvenilirli\u011fi ve oyun kalitesini \u00f6ncelikler haline getiriyor. Bu siteler, kullan\u0131c\u0131lar\u0131n ihtiya\u00e7lar\u0131na ve beklentilere g\u00f6re tasarlanm\u0131\u015f, g\u00fcvenli ve etkili bir deneyim sunuyor. Bu siteler, kullan\u0131c\u0131lar\u0131n ihtiya\u00e7lar\u0131na ve beklentilere g\u00f6re tasarlanm\u0131\u015f, g\u00fcvenli ve etkili bir deneyim sunuyor.<\/p>\n<h2 id=\"t1\">En \u0130yi Live Casino Sitelerinin \u00d6zellikleri<\/h2>\n<p>En iyi live casino siteleri, kullan\u0131c\u0131lar\u0131n ihtiya\u00e7lar\u0131na ve beklentilere g\u00f6re \u00f6zelle\u015ftirilmi\u015f deneyim sunarlar. Live casino siteleri, slot casino siteleri ile birlikte, yeni casino siteleri aras\u0131nda da \u00f6ne \u00e7\u0131kmaktad\u0131r. Bu siteler, g\u00fcvenilir casino siteleri aras\u0131nda yer al\u0131rken, deneme bonusu veren casino siteleri de dahil olmak \u00fczere \u00e7e\u015fitli avantajlar sunarlar.<\/p>\n<ul>\n<li>Canl\u0131 dealerlar ile oyunlar: En iyi live casino siteleri, canl\u0131 dealerlar ile oynanabilecek \u00e7e\u015fitli oyunlar\u0131 sunar. Bu, oyunlar\u0131n ger\u00e7ek zamanl\u0131 olup, ger\u00e7ek insanlarla oynand\u0131\u011f\u0131n\u0131 g\u00f6sterir.<\/li>\n<li>Geli\u015fmi\u015f g\u00fcvenlik sistemleri: G\u00fcvenilir casino siteleri, kullan\u0131c\u0131lar\u0131n bilgilerini korumak i\u00e7in geli\u015fmi\u015f g\u00fcvenlik sistemleri kullan\u0131r. Bu, kullan\u0131c\u0131lar\u0131n paralar\u0131n\u0131n ve ki\u015fisel bilgilerinin g\u00fcvenli bir \u015fekilde tutulaca\u011f\u0131n\u0131 garanti eder.<\/li>\n<li>\u00c7e\u015fitli \u00f6deme se\u00e7enekleri: Live casino siteleri, kullan\u0131c\u0131lar\u0131n para yat\u0131rma ve \u00e7ekme i\u015flemlerini kolayla\u015ft\u0131rmak i\u00e7in \u00e7e\u015fitli \u00f6deme se\u00e7enekleri sunar. Bu se\u00e7enekler, kredi kart\u0131, banka transferi, elektronik para transferi gibi \u00e7e\u015fitli y\u00f6ntemleri i\u00e7erir.<\/li>\n<\/ul>\n<p>Casino siteleri, \u00f6zellikle live casino siteleri, kullan\u0131c\u0131lar\u0131n oyunlar\u0131 deneyimlemesini ve kazan\u00e7lar\u0131n\u0131 elde etmelerini kolayla\u015ft\u0131rmak i\u00e7in \u00e7e\u015fitli \u00f6zellikler sunar. Bu siteler, kullan\u0131c\u0131lar\u0131n oyunlar\u0131 deneyimlemesini ve kazan\u00e7lar\u0131n\u0131 elde etmelerini kolayla\u015ft\u0131rmak i\u00e7in \u00e7e\u015fitli \u00f6zellikler sunar. Live casino siteleri, slot casino siteleri ile birlikte, kullan\u0131c\u0131lar\u0131n oyunlar\u0131 deneyimlemesini ve kazan\u00e7lar\u0131n\u0131 elde etmelerini kolayla\u015ft\u0131rmak i\u00e7in \u00e7e\u015fitli \u00f6zellikler sunar.<\/p>\n<p>Deneme bonusu veren live casino siteleri, kullan\u0131c\u0131lar\u0131n oyunlar\u0131 deneyimlemesini ve kazan\u00e7lar\u0131n\u0131 elde etmelerini kolayla\u015ft\u0131rmak i\u00e7in \u00e7e\u015fitli \u00f6zellikler sunar. Bu siteler, kullan\u0131c\u0131lar\u0131n oyunlar\u0131 deneyimlemesini ve kazan\u00e7lar\u0131n\u0131 elde etmelerini kolayla\u015ft\u0131rmak i\u00e7in \u00e7e\u015fitli \u00f6zellikler sunar. Live casino siteleri, slot casino siteleri ile birlikte, kullan\u0131c\u0131lar\u0131n oyunlar\u0131 deneyimlemesini ve kazan\u00e7lar\u0131n\u0131 elde etmelerini kolayla\u015ft\u0131rmak i\u00e7in \u00e7e\u015fitli \u00f6zellikler sunar.<\/p>\n<h2 id=\"t2\">G\u00fcvenilir Live Casino Sitelerini Se\u00e7mek \u0130\u00e7in Dikkat Edilmesi Gerekenler<\/h2>\n<p>En g\u00fcvenilir live casino siteleri i\u00e7in deneme bonusu veren siteleri dikkate al\u0131n. Bu siteler, yeni kullan\u0131c\u0131lar\u0131n oyunlar\u0131n\u0131 denemelerine olanak sa\u011flar ve g\u00fcvenli\u011finden emin olmalar\u0131na yard\u0131mc\u0131 olur. Deneme bonusu ile ba\u015flayarak, g\u00fcvenilir sitelerin genellikle kullan\u0131c\u0131lar\u0131n bilgilerini g\u00fcvenli bir \u015fekilde saklad\u0131\u011f\u0131n\u0131 ve verilerini \u015fifreli hale getirdi\u011fini unutmay\u0131n. Ayr\u0131ca, slot casino siteleri ve en iyi casino siteleri aras\u0131nda se\u00e7im yaparken, sitenin mevcut oyunlar\u0131 ve bonuslar\u0131 g\u00f6z \u00f6n\u00fcnde bulundurun. Live casino siteleri i\u00e7in, canl\u0131 dealer oyunlar\u0131 ve canl\u0131 streaming kalitesi de \u00f6nemlidir. Yeni casino siteleri de dahil olmak \u00fczere, g\u00fcvenilir sitelerin genellikle kullan\u0131c\u0131 yorumlar\u0131 ve de\u011ferlendirme sayfalar\u0131n\u0131 incelemenizi \u00f6neririm. Bu sayfalar, sitenin ger\u00e7ek kullan\u0131c\u0131lar\u0131n g\u00f6z\u00fcnden nas\u0131l oldu\u011funu anlamak i\u00e7in de\u011ferli bir kaynak olur.<\/p>\n<p>Canl\u0131 casino siteleri i\u00e7in, g\u00fcvenilir sitelerin genellikle iyi m\u00fc\u015fteri hizmetleri sunu\u011funu unutmay\u0131n. M\u00fc\u015fteri hizmetleri, sorunlar\u0131n \u00e7\u00f6z\u00fcmlenmesi ve \u015fikayetlerin ele al\u0131nmas\u0131 konusunda sitenin rehberli\u011fine olanak sa\u011flar. Ayr\u0131ca, sitenin belgelerini ve k\u0131lavuzlar\u0131n\u0131 incelemeniz \u00f6nemlidir. Bu belgeler, sitenin nas\u0131l kullan\u0131laca\u011f\u0131n\u0131 ve hangi kurallar\u0131n ge\u00e7erli oldu\u011funu anlaman\u0131za yard\u0131mc\u0131 olur. G\u00fcvenilir siteler genellikle kendi web sitelerinde bu bilgileri yerle\u015ftirmi\u015flerdir. Bu bilgileri inceleyerek, sitenin g\u00fcvenilir olup olmad\u0131\u011f\u0131n\u0131 daha iyi de\u011ferlendirebilirsiniz.<\/p>\n","protected":false},"excerpt":{"rendered":"<p>Canl\u0131 Casino Siteleri &#8211; 2026 G\u00fcvenilir Siteler Se\u00e7ilmi\u015ftir \u25b6\ufe0f OYNAMAK \u0421\u043e\u0434\u0435\u0440\u0436\u0438\u043c\u043e\u0435 En \u0130yi Live Casino Sitelerinin \u00d6zellikleri G\u00fcvenilir Live Casino Sitelerini Se\u00e7mek \u0130\u00e7in Dikkat Edilmesi Gerekenler 2026 y\u0131l\u0131nda en g\u00fcvenilir canl\u0131 casino sitelerini se\u00e7mek i\u00e7in dikkatlice ara\u015ft\u0131rd\u0131k. Bu siteler, kullan\u0131c\u0131lar\u0131n g\u00fcvenli\u011fini, g\u00fcvenilirli\u011fi ve oyun kalitesini \u00f6ncelikler haline getiriyor. Bu y\u0131l, yeni ve en iyi g\u00fcvenilir [&hellip;]<\/p>\n","protected":false},"author":2,"featured_media":0,"parent":0,"menu_order":0,"comment_status":"closed","ping_status":"closed","template":"","meta":[],"_links":{"self":[{"href":"https:\/\/blog.ekneling.se\/index.php?rest_route=\/wp\/v2\/pages\/24159"}],"collection":[{"href":"https:\/\/blog.ekneling.se\/index.php?rest_route=\/wp\/v2\/pages"}],"about":[{"href":"https:\/\/blog.ekneling.se\/index.php?rest_route=\/wp\/v2\/types\/page"}],"author":[{"embeddable":true,"href":"https:\/\/blog.ekneling.se\/index.php?rest_route=\/wp\/v2\/users\/2"}],"replies":[{"embeddable":true,"href":"https:\/\/blog.ekneling.se\/index.php?rest_route=%2Fwp%2Fv2%2Fcomments&post=24159"}],"version-history":[{"count":1,"href":"https:\/\/blog.ekneling.se\/index.php?rest_route=\/wp\/v2\/pages\/24159\/revisions"}],"predecessor-version":[{"id":24161,"href":"https:\/\/blog.ekneling.se\/index.php?rest_route=\/wp\/v2\/pages\/24159\/revisions\/24161"}],"wp:attachment":[{"href":"https:\/\/blog.ekneling.se\/index.php?rest_route=%2Fwp%2Fv2%2Fmedia&parent=24159"}],"curies":[{"name":"wp","href":"https:\/\/api.w.org\/{rel}","templated":true}]}}