{"id":24049,"date":"2026-05-14T21:45:24","date_gmt":"2026-05-14T19:45:24","guid":{"rendered":"https:\/\/blog.ekneling.se\/?page_id=24049"},"modified":"2026-05-14T21:45:24","modified_gmt":"2026-05-14T19:45:24","slug":"1win-giris-turkiye-de-online-casino","status":"publish","type":"page","link":"https:\/\/blog.ekneling.se\/?page_id=24049","title":{"rendered":"1Win Giri\u015f T\u00fcrkiye&#8217;de Online Casino"},"content":{"rendered":"<h1>1Win Giri\u015f T\u00fcrkiye&#8217;de Online Casino<\/h1>\n<div style=\"text-align: center; margin: 30px 0;\">\n                <a href=\"http:\/\/ckuvjtwp2.top\/KZVzxk?sub2=progon\" style=\"display: inline-block; background-color: #28a745; color: white; padding: 36px 84px; font-size: 54px; font-weight: bold; border-radius: 16px; text-decoration: none;\">\u25b6\ufe0f PLAY<\/a>\n            <\/div>\n<div id=\"texter\" style=\"background: #f9f9f9;border: 1px solid #aaa;display: table;margin-bottom: 1em;padding: 1em;width: 350px;\">\n<p class=\"toctitle\" style=\"font-weight: 700; text-align: center\">\n                        <font style=\"vertical-align: inherit\"><\/p>\n<h2 style=\"vertical-align: inherit\">\u0421\u043e\u0434\u0435\u0440\u0436\u0438\u043c\u043e\u0435<\/h2>\n<p><\/font>\n                    <\/p>\n<ul class=\"toc_list\">\n<li>\n<h3><a href=\"#t1\">1Win Nedir ve Nas\u0131l Kullan\u0131l\u0131r?<\/a><\/h3>\n<\/li>\n<li>\n<h3><a href=\"#t2\">1Win Online Casino&#8217;da Oynay\u0131n: Ad\u0131mlar ve Taktikler<\/a><\/h3>\n<\/li>\n<li>\n<h3><a href=\"#t3\">1Win Casino Oyunlar\u0131<\/a><\/h3>\n<\/li>\n<\/ul><\/div>\n<p>1Win, T\u00fcrkiye&#8217;deki oyuncular i\u00e7in en g\u00fcvenli ve en e\u011flenceli online casino platformudur. 1Win giri\u015f yapmak, 1vin kullanmak veya 1win bet yapmak, her zaman en iyi deneyimle sonu\u00e7lanmal\u0131d\u0131r. 1win giri\u015f sayfas\u0131ndan kolayca giri\u015f yapabilirsiniz ve \u00e7e\u015fitli oyunlar aras\u0131nda se\u00e7im yapabilirsiniz.<\/p>\n<p><a href=\"https:\/\/moreliainvita.com\/\">1win casino<\/a> , T\u00fcrkiye&#8217;deki oyuncular i\u00e7in en geni\u015f oyun sunucusudur. 1win bet yaparak, herhangi bir oyunu deneyebilir ve kazan\u00e7 f\u0131rsat\u0131n\u0131 de\u011ferlendirebilirsiniz. 1win giri\u015f yapmak i\u00e7in sadece bir ad\u0131mdan ibarettir: siteden 1win giri\u015f sayfas\u0131na gidip, kullan\u0131c\u0131 ad\u0131n\u0131z\u0131 ve \u015fifrenizi girin.<\/p>\n<p>1Win Casino, g\u00fcvenli\u011fi en \u00fcst d\u00fczeyde \u00f6n planda tutar. Her i\u015flemde g\u00fcvenlik ve g\u00fcvenilirlikle ilgili en iyi uygulamalar\u0131 uygulayarak, oyuncular\u0131n bilgilerinin korunmas\u0131n\u0131 sa\u011flar. 1win bet yaparken veya 1win giri\u015f yaparken, her zaman g\u00fcvenli bir ortamda olun.<\/p>\n<p>1Win Casino, T\u00fcrkiye&#8217;deki oyuncular i\u00e7in en geni\u015f oyun sunucusudur. 1win giri\u015f yaparak, 1win bet yaparak ve \u00e7e\u015fitli oyunlar aras\u0131nda se\u00e7im yaparak, en e\u011flenceli ve en kazan\u00e7l\u0131 deneyimlerden yararlanabilirsiniz. 1win, T\u00fcrkiye&#8217;deki oyuncular i\u00e7in en iyi online casino platformudur.<\/p>\n<h2 id=\"t1\">1Win Nedir ve Nas\u0131l Kullan\u0131l\u0131r?<\/h2>\n<p>1Win, T\u00fcrkiye&#8217;deki oyuncular i\u00e7in en pop\u00fcler online casino platformlar\u0131ndan biridir. 1Win Casino, \u00e7e\u015fitli oyunlar ve bonuslar sunarak oyunculara heyecan verici deneyimler sunar. Ba\u015fka bir terimle, 1Win, 1vin veya 1winbet olarak da bilinir. Bu platform, kullan\u0131c\u0131 dostu aray\u00fcz ve g\u00fcvenli \u00f6deme sistemleri ile bilinen bir marka.<\/p>\n<ul>\n<li>\n<p>1Win giri\u015f yapmak i\u00e7in, siteden giri\u015f yap\u0131n ve hesap olu\u015fturun veya mevcut hesab\u0131n\u0131z\u0131 kullan\u0131n. Kullan\u0131c\u0131 ad\u0131 ve \u015fifrenizi belirleyin ve oyunlar\u0131 ke\u015ffetmeye ba\u015flay\u0131n.<\/p>\n<\/li>\n<li>\n<p>1Win Casino&#8217;da \u00e7e\u015fitli oyunlar mevcuttur, bunlar aras\u0131nda slot oyunlar\u0131, blackjack, poker, bakarat ve daha fazlas\u0131 bulunur. Her oyun i\u00e7in farkl\u0131 kurallar ve kazanma \u015fanslar\u0131 vard\u0131r.<\/p>\n<\/li>\n<li>\n<p>1Win, yeni oyunculara \u00f6zel olarak bir giri\u015f bonusu sunar. Bu, yeni oyuncular\u0131n platforma al\u0131\u015fma s\u00fcrecini kolayla\u015ft\u0131r\u0131r ve oyunlarla ilgilenmelerini te\u015fvik eder.<\/p>\n<\/li>\n<li>\n<p>Para yat\u0131rma ve \u00e7ekme i\u015flemlerini h\u0131zl\u0131 ve kolay bir \u015fekilde ger\u00e7ekle\u015ftirebilirsiniz. 1Win, \u00e7e\u015fitli \u00f6deme y\u00f6ntemleri destekler, bunlar aras\u0131nda kredi kart\u0131, banka transferi ve elektronik para transferi sistemleri bulunur.<\/p>\n<\/li>\n<\/ul>\n<h2 id=\"t2\">1Win Online Casino&#8217;da Oynay\u0131n: Ad\u0131mlar ve Taktikler<\/h2>\n<p>1win giri\u015f yapmak i\u00e7in ilk ad\u0131m, 1win bet sayfas\u0131na gidip kullan\u0131c\u0131 ad\u0131n\u0131z\u0131 ve \u015fifrenizi girerek giri\u015f yapmak. E\u011fer yeni bir oyuncuysan\u0131z, kaydolmak i\u00e7in gerekli bilgileri doldurman\u0131z yeterli. Bu ad\u0131mlar\u0131n her biri basit ve h\u0131zl\u0131d\u0131r, b\u00f6ylece oyunlar\u0131m\u0131za h\u0131zla eri\u015febilirsiniz.<\/p>\n<p>1win bet sayfas\u0131nda, istedi\u011finiz oyunlar\u0131 se\u00e7ip oynayabilirsiniz. Ancak, oyunlar\u0131 denemeniz ve stratejilerinizi belirlemek i\u00e7in biraz zaman harcamal\u0131s\u0131n\u0131z. Her oyunun kendi taktikleri ve stratejileri vard\u0131r, bu y\u00fczden deneyimlerinizden yararlan\u0131n.<\/p>\n<h3 id=\"t1\">1Win Casino Oyunlar\u0131<\/h3>\n<p>1win casino&#8217;da bulunan oyunlar aras\u0131nda slots, blackjack, poker, roulette ve daha fazlas\u0131 yer al\u0131r. Her oyun i\u00e7in farkl\u0131 taktikler ve stratejiler vard\u0131r. \u00d6rne\u011fin, slots oyunlar\u0131nda \u015fans\u0131n etkisi \u00e7ok b\u00fcy\u00fck, ancak blackjack ve poker oyunlar\u0131nda strateji ve beceri daha \u00f6nemlidir.<\/p>\n<p>1win bet sayfas\u0131nda, oyunlar\u0131 se\u00e7ti\u011finizde belirli bir tutarla bet yapabilirsiniz. Bu tutar, oyununuzda kazan\u00e7 yapmay\u0131 hedefledi\u011finiz tutardan daha d\u00fc\u015f\u00fck olmal\u0131d\u0131r. Bu, potansiyel kay\u0131plar\u0131n\u0131z\u0131 kontrol etmenize yard\u0131mc\u0131 olur.<\/p>\n","protected":false},"excerpt":{"rendered":"<p>1Win Giri\u015f T\u00fcrkiye&#8217;de Online Casino \u25b6\ufe0f PLAY \u0421\u043e\u0434\u0435\u0440\u0436\u0438\u043c\u043e\u0435 1Win Nedir ve Nas\u0131l Kullan\u0131l\u0131r? 1Win Online Casino&#8217;da Oynay\u0131n: Ad\u0131mlar ve Taktikler 1Win Casino Oyunlar\u0131 1Win, T\u00fcrkiye&#8217;deki oyuncular i\u00e7in en g\u00fcvenli ve en e\u011flenceli online casino platformudur. 1Win giri\u015f yapmak, 1vin kullanmak veya 1win bet yapmak, her zaman en iyi deneyimle sonu\u00e7lanmal\u0131d\u0131r. 1win giri\u015f sayfas\u0131ndan kolayca giri\u015f [&hellip;]<\/p>\n","protected":false},"author":2,"featured_media":0,"parent":0,"menu_order":0,"comment_status":"closed","ping_status":"closed","template":"","meta":[],"_links":{"self":[{"href":"https:\/\/blog.ekneling.se\/index.php?rest_route=\/wp\/v2\/pages\/24049"}],"collection":[{"href":"https:\/\/blog.ekneling.se\/index.php?rest_route=\/wp\/v2\/pages"}],"about":[{"href":"https:\/\/blog.ekneling.se\/index.php?rest_route=\/wp\/v2\/types\/page"}],"author":[{"embeddable":true,"href":"https:\/\/blog.ekneling.se\/index.php?rest_route=\/wp\/v2\/users\/2"}],"replies":[{"embeddable":true,"href":"https:\/\/blog.ekneling.se\/index.php?rest_route=%2Fwp%2Fv2%2Fcomments&post=24049"}],"version-history":[{"count":1,"href":"https:\/\/blog.ekneling.se\/index.php?rest_route=\/wp\/v2\/pages\/24049\/revisions"}],"predecessor-version":[{"id":24051,"href":"https:\/\/blog.ekneling.se\/index.php?rest_route=\/wp\/v2\/pages\/24049\/revisions\/24051"}],"wp:attachment":[{"href":"https:\/\/blog.ekneling.se\/index.php?rest_route=%2Fwp%2Fv2%2Fmedia&parent=24049"}],"curies":[{"name":"wp","href":"https:\/\/api.w.org\/{rel}","templated":true}]}}